{"id":156,"date":"2026-01-20T11:18:34","date_gmt":"2026-01-20T10:18:34","guid":{"rendered":"https:\/\/www.medskin21.at\/?product=moisturizer"},"modified":"2026-01-27T13:19:16","modified_gmt":"2026-01-27T12:19:16","slug":"moisturizer","status":"publish","type":"product","link":"https:\/\/www.medskin21.at\/?product=moisturizer","title":{"rendered":"Sun protect+ SPF 50"},"content":{"rendered":"<p>Hightech-Sonnenfluid mit Licht-, Infrarot-, Zell-Schutz und Glow-Effekt. Die innovative Formel mit UVA-\/UVB-Breitbandfilter, innovativer Infrarot-Technologie und DNA Reparatur Enzymen beugen lichtbedingter Hautalterung und oxidativem Stress durch freie Radikale effektiv vor. Dies bewahrt vor lichtbedingten DNA Sch\u00e4den und Lichtalterung. Der Effekt: Die Haut ist durch den Multifunktionsschutz zuverl\u00e4ssig vor lichtbedingter Alterung, wie vorzeitiger Faltenbildung und dunklen Pigmentflecken gesch\u00fctzt. Die leichte Textur verleiht einen ebenm\u00e4\u00dfigen strahlenden Teint.<\/p>\n","protected":false},"excerpt":{"rendered":"<p>Hightech-Sonnenfluid mit Licht-, Infrarot-, Zell-Schutz und Glow-Effekt. Die innovative Formel mit UVA-\/UVB-Breitbandfilter, innovativer Infrarot-Technologie und DNA Reparatur Enzymen beugen lichtbedingter Hautalterung und oxidativem Stress durch freie Radikale effektiv vor. Dies bewahrt vor lichtbedingten DNA Sch\u00e4den und Lichtalterung. Der Effekt: Die Haut ist durch den Multifunktionsschutz zuverl\u00e4ssig vor lichtbedingter Alterung, wie vorzeitiger Faltenbildung und dunklen Pigmentflecken [&hellip;]<\/p>\n","protected":false},"featured_media":612,"comment_status":"open","ping_status":"closed","template":"","meta":{"_acf_changed":false,"_crdt_document":"","om_disable_all_campaigns":false,"_joinchat":[]},"product_brand":[],"product_cat":[15],"product_tag":[],"class_list":{"0":"post-156","1":"product","2":"type-product","3":"status-publish","4":"has-post-thumbnail","6":"product_cat-uncategorized","8":"first","9":"instock","10":"shipping-taxable","11":"product-type-simple"},"acf":[],"yoast_head":"<!-- This site is optimized with the Yoast SEO plugin v27.6 - https:\/\/yoast.com\/product\/yoast-seo-wordpress\/ -->\n<title>Sun protect+ SPF 50 - medskin21<\/title>\n<meta name=\"robots\" content=\"index, follow, max-snippet:-1, max-image-preview:large, max-video-preview:-1\" \/>\n<link rel=\"canonical\" href=\"https:\/\/www.medskin21.at\/?product=moisturizer\" \/>\n<meta property=\"og:locale\" content=\"de_DE\" \/>\n<meta property=\"og:type\" content=\"article\" \/>\n<meta property=\"og:title\" content=\"Sun protect+ SPF 50 - medskin21\" \/>\n<meta property=\"og:description\" content=\"Hightech-Sonnenfluid mit Licht-, Infrarot-, Zell-Schutz und Glow-Effekt. Die innovative Formel mit UVA-\/UVB-Breitbandfilter, innovativer Infrarot-Technologie und DNA Reparatur Enzymen beugen lichtbedingter Hautalterung und oxidativem Stress durch freie Radikale effektiv vor. Dies bewahrt vor lichtbedingten DNA Sch\u00e4den und Lichtalterung. Der Effekt: Die Haut ist durch den Multifunktionsschutz zuverl\u00e4ssig vor lichtbedingter Alterung, wie vorzeitiger Faltenbildung und dunklen Pigmentflecken [&hellip;]\" \/>\n<meta property=\"og:url\" content=\"https:\/\/www.medskin21.at\/?product=moisturizer\" \/>\n<meta property=\"og:site_name\" content=\"medskin21\" \/>\n<meta property=\"article:modified_time\" content=\"2026-01-27T12:19:16+00:00\" \/>\n<meta property=\"og:image\" content=\"https:\/\/www.medskin21.at\/wp-content\/uploads\/2026\/01\/80078_SE_sun_protect-scaled-e1769516280403.png\" \/>\n\t<meta property=\"og:image:width\" content=\"315\" \/>\n\t<meta property=\"og:image:height\" content=\"446\" \/>\n\t<meta property=\"og:image:type\" content=\"image\/png\" \/>\n<meta name=\"twitter:card\" content=\"summary_large_image\" \/>\n<meta name=\"twitter:label1\" content=\"Gesch\u00e4tzte Lesezeit\" \/>\n\t<meta name=\"twitter:data1\" content=\"1 Minute\" \/>\n<script type=\"application\/ld+json\" class=\"yoast-schema-graph\">{\"@context\":\"https:\\\/\\\/schema.org\",\"@graph\":[{\"@type\":\"WebPage\",\"@id\":\"https:\\\/\\\/www.medskin21.at\\\/?product=moisturizer\",\"url\":\"https:\\\/\\\/www.medskin21.at\\\/?product=moisturizer\",\"name\":\"Sun protect+ SPF 50 - medskin21\",\"isPartOf\":{\"@id\":\"https:\\\/\\\/www.medskin21.at\\\/#website\"},\"primaryImageOfPage\":{\"@id\":\"https:\\\/\\\/www.medskin21.at\\\/?product=moisturizer#primaryimage\"},\"image\":{\"@id\":\"https:\\\/\\\/www.medskin21.at\\\/?product=moisturizer#primaryimage\"},\"thumbnailUrl\":\"https:\\\/\\\/www.medskin21.at\\\/wp-content\\\/uploads\\\/2026\\\/01\\\/80078_SE_sun_protect-scaled-e1769516280403.png\",\"datePublished\":\"2026-01-20T10:18:34+00:00\",\"dateModified\":\"2026-01-27T12:19:16+00:00\",\"breadcrumb\":{\"@id\":\"https:\\\/\\\/www.medskin21.at\\\/?product=moisturizer#breadcrumb\"},\"inLanguage\":\"de-AT\",\"potentialAction\":[{\"@type\":\"ReadAction\",\"target\":[\"https:\\\/\\\/www.medskin21.at\\\/?product=moisturizer\"]}]},{\"@type\":\"ImageObject\",\"inLanguage\":\"de-AT\",\"@id\":\"https:\\\/\\\/www.medskin21.at\\\/?product=moisturizer#primaryimage\",\"url\":\"https:\\\/\\\/www.medskin21.at\\\/wp-content\\\/uploads\\\/2026\\\/01\\\/80078_SE_sun_protect-scaled-e1769516280403.png\",\"contentUrl\":\"https:\\\/\\\/www.medskin21.at\\\/wp-content\\\/uploads\\\/2026\\\/01\\\/80078_SE_sun_protect-scaled-e1769516280403.png\",\"width\":315,\"height\":446},{\"@type\":\"BreadcrumbList\",\"@id\":\"https:\\\/\\\/www.medskin21.at\\\/?product=moisturizer#breadcrumb\",\"itemListElement\":[{\"@type\":\"ListItem\",\"position\":1,\"name\":\"Startseite\",\"item\":\"https:\\\/\\\/www.medskin21.at\\\/\"},{\"@type\":\"ListItem\",\"position\":2,\"name\":\"Shop\",\"item\":\"https:\\\/\\\/www.medskin21.at\\\/?page_id=9\"},{\"@type\":\"ListItem\",\"position\":3,\"name\":\"Sun protect+ SPF 50\"}]},{\"@type\":\"WebSite\",\"@id\":\"https:\\\/\\\/www.medskin21.at\\\/#website\",\"url\":\"https:\\\/\\\/www.medskin21.at\\\/\",\"name\":\"medskin21\",\"description\":\"\",\"publisher\":{\"@id\":\"https:\\\/\\\/www.medskin21.at\\\/#organization\"},\"potentialAction\":[{\"@type\":\"SearchAction\",\"target\":{\"@type\":\"EntryPoint\",\"urlTemplate\":\"https:\\\/\\\/www.medskin21.at\\\/?s={search_term_string}\"},\"query-input\":{\"@type\":\"PropertyValueSpecification\",\"valueRequired\":true,\"valueName\":\"search_term_string\"}}],\"inLanguage\":\"de-AT\"},{\"@type\":\"Organization\",\"@id\":\"https:\\\/\\\/www.medskin21.at\\\/#organization\",\"name\":\"medskin21\",\"url\":\"https:\\\/\\\/www.medskin21.at\\\/\",\"logo\":{\"@type\":\"ImageObject\",\"inLanguage\":\"de-AT\",\"@id\":\"https:\\\/\\\/www.medskin21.at\\\/#\\\/schema\\\/logo\\\/image\\\/\",\"url\":\"https:\\\/\\\/www.medskin21.at\\\/wp-content\\\/uploads\\\/2026\\\/01\\\/cropped-MedSkin21_Logo_Namen_RGB.jpg\",\"contentUrl\":\"https:\\\/\\\/www.medskin21.at\\\/wp-content\\\/uploads\\\/2026\\\/01\\\/cropped-MedSkin21_Logo_Namen_RGB.jpg\",\"width\":240,\"height\":107,\"caption\":\"medskin21\"},\"image\":{\"@id\":\"https:\\\/\\\/www.medskin21.at\\\/#\\\/schema\\\/logo\\\/image\\\/\"}}]}<\/script>\n<!-- \/ Yoast SEO plugin. -->","yoast_head_json":{"title":"Sun protect+ SPF 50 - medskin21","robots":{"index":"index","follow":"follow","max-snippet":"max-snippet:-1","max-image-preview":"max-image-preview:large","max-video-preview":"max-video-preview:-1"},"canonical":"https:\/\/www.medskin21.at\/?product=moisturizer","og_locale":"de_DE","og_type":"article","og_title":"Sun protect+ SPF 50 - medskin21","og_description":"Hightech-Sonnenfluid mit Licht-, Infrarot-, Zell-Schutz und Glow-Effekt. Die innovative Formel mit UVA-\/UVB-Breitbandfilter, innovativer Infrarot-Technologie und DNA Reparatur Enzymen beugen lichtbedingter Hautalterung und oxidativem Stress durch freie Radikale effektiv vor. Dies bewahrt vor lichtbedingten DNA Sch\u00e4den und Lichtalterung. Der Effekt: Die Haut ist durch den Multifunktionsschutz zuverl\u00e4ssig vor lichtbedingter Alterung, wie vorzeitiger Faltenbildung und dunklen Pigmentflecken [&hellip;]","og_url":"https:\/\/www.medskin21.at\/?product=moisturizer","og_site_name":"medskin21","article_modified_time":"2026-01-27T12:19:16+00:00","og_image":[{"width":315,"height":446,"url":"https:\/\/www.medskin21.at\/wp-content\/uploads\/2026\/01\/80078_SE_sun_protect-scaled-e1769516280403.png","type":"image\/png"}],"twitter_card":"summary_large_image","twitter_misc":{"Gesch\u00e4tzte Lesezeit":"1 Minute"},"schema":{"@context":"https:\/\/schema.org","@graph":[{"@type":"WebPage","@id":"https:\/\/www.medskin21.at\/?product=moisturizer","url":"https:\/\/www.medskin21.at\/?product=moisturizer","name":"Sun protect+ SPF 50 - medskin21","isPartOf":{"@id":"https:\/\/www.medskin21.at\/#website"},"primaryImageOfPage":{"@id":"https:\/\/www.medskin21.at\/?product=moisturizer#primaryimage"},"image":{"@id":"https:\/\/www.medskin21.at\/?product=moisturizer#primaryimage"},"thumbnailUrl":"https:\/\/www.medskin21.at\/wp-content\/uploads\/2026\/01\/80078_SE_sun_protect-scaled-e1769516280403.png","datePublished":"2026-01-20T10:18:34+00:00","dateModified":"2026-01-27T12:19:16+00:00","breadcrumb":{"@id":"https:\/\/www.medskin21.at\/?product=moisturizer#breadcrumb"},"inLanguage":"de-AT","potentialAction":[{"@type":"ReadAction","target":["https:\/\/www.medskin21.at\/?product=moisturizer"]}]},{"@type":"ImageObject","inLanguage":"de-AT","@id":"https:\/\/www.medskin21.at\/?product=moisturizer#primaryimage","url":"https:\/\/www.medskin21.at\/wp-content\/uploads\/2026\/01\/80078_SE_sun_protect-scaled-e1769516280403.png","contentUrl":"https:\/\/www.medskin21.at\/wp-content\/uploads\/2026\/01\/80078_SE_sun_protect-scaled-e1769516280403.png","width":315,"height":446},{"@type":"BreadcrumbList","@id":"https:\/\/www.medskin21.at\/?product=moisturizer#breadcrumb","itemListElement":[{"@type":"ListItem","position":1,"name":"Startseite","item":"https:\/\/www.medskin21.at\/"},{"@type":"ListItem","position":2,"name":"Shop","item":"https:\/\/www.medskin21.at\/?page_id=9"},{"@type":"ListItem","position":3,"name":"Sun protect+ SPF 50"}]},{"@type":"WebSite","@id":"https:\/\/www.medskin21.at\/#website","url":"https:\/\/www.medskin21.at\/","name":"medskin21","description":"","publisher":{"@id":"https:\/\/www.medskin21.at\/#organization"},"potentialAction":[{"@type":"SearchAction","target":{"@type":"EntryPoint","urlTemplate":"https:\/\/www.medskin21.at\/?s={search_term_string}"},"query-input":{"@type":"PropertyValueSpecification","valueRequired":true,"valueName":"search_term_string"}}],"inLanguage":"de-AT"},{"@type":"Organization","@id":"https:\/\/www.medskin21.at\/#organization","name":"medskin21","url":"https:\/\/www.medskin21.at\/","logo":{"@type":"ImageObject","inLanguage":"de-AT","@id":"https:\/\/www.medskin21.at\/#\/schema\/logo\/image\/","url":"https:\/\/www.medskin21.at\/wp-content\/uploads\/2026\/01\/cropped-MedSkin21_Logo_Namen_RGB.jpg","contentUrl":"https:\/\/www.medskin21.at\/wp-content\/uploads\/2026\/01\/cropped-MedSkin21_Logo_Namen_RGB.jpg","width":240,"height":107,"caption":"medskin21"},"image":{"@id":"https:\/\/www.medskin21.at\/#\/schema\/logo\/image\/"}}]}},"_links":{"self":[{"href":"https:\/\/www.medskin21.at\/index.php?rest_route=\/wp\/v2\/product\/156","targetHints":{"allow":["GET"]}}],"collection":[{"href":"https:\/\/www.medskin21.at\/index.php?rest_route=\/wp\/v2\/product"}],"about":[{"href":"https:\/\/www.medskin21.at\/index.php?rest_route=\/wp\/v2\/types\/product"}],"replies":[{"embeddable":true,"href":"https:\/\/www.medskin21.at\/index.php?rest_route=%2Fwp%2Fv2%2Fcomments&post=156"}],"wp:featuredmedia":[{"embeddable":true,"href":"https:\/\/www.medskin21.at\/index.php?rest_route=\/wp\/v2\/media\/612"}],"wp:attachment":[{"href":"https:\/\/www.medskin21.at\/index.php?rest_route=%2Fwp%2Fv2%2Fmedia&parent=156"}],"wp:term":[{"taxonomy":"product_brand","embeddable":true,"href":"https:\/\/www.medskin21.at\/index.php?rest_route=%2Fwp%2Fv2%2Fproduct_brand&post=156"},{"taxonomy":"product_cat","embeddable":true,"href":"https:\/\/www.medskin21.at\/index.php?rest_route=%2Fwp%2Fv2%2Fproduct_cat&post=156"},{"taxonomy":"product_tag","embeddable":true,"href":"https:\/\/www.medskin21.at\/index.php?rest_route=%2Fwp%2Fv2%2Fproduct_tag&post=156"}],"curies":[{"name":"wp","href":"https:\/\/api.w.org\/{rel}","templated":true}]}}