{"id":90,"date":"2026-01-20T11:18:31","date_gmt":"2026-01-20T10:18:31","guid":{"rendered":"https:\/\/www.medskin21.at\/?page_id=90"},"modified":"2026-03-20T14:01:15","modified_gmt":"2026-03-20T13:01:15","slug":"90-2","status":"publish","type":"page","link":"https:\/\/www.medskin21.at\/?page_id=90","title":{"rendered":""},"content":{"rendered":"\t\t<div data-elementor-type=\"wp-page\" data-elementor-id=\"90\" class=\"elementor elementor-90\" data-elementor-settings=\"{&quot;ha_cmc_init_switcher&quot;:&quot;no&quot;}\" data-elementor-post-type=\"page\">\n\t\t\t\t\t\t<section class=\"elementor-section elementor-top-section elementor-element elementor-element-53872960 elementor-section-full_width elementor-section-height-default elementor-section-height-default elementor-invisible\" data-id=\"53872960\" data-element_type=\"section\" data-e-type=\"section\" data-settings=\"{&quot;animation&quot;:&quot;pulse&quot;,&quot;background_background&quot;:&quot;classic&quot;,&quot;_ha_eqh_enable&quot;:false}\">\n\t\t\t\t\t\t<div class=\"elementor-container elementor-column-gap-default\">\n\t\t\t\t\t<div class=\"elementor-column elementor-col-50 elementor-top-column elementor-element elementor-element-b4a602 inner-page-banner\" data-id=\"b4a602\" data-element_type=\"column\" data-e-type=\"column\" data-settings=\"{&quot;background_background&quot;:&quot;classic&quot;}\">\n\t\t\t<div class=\"elementor-widget-wrap elementor-element-populated\">\n\t\t\t\t\t\t<div class=\"elementor-element elementor-element-72df0886 elementor-widget elementor-widget-heading\" data-id=\"72df0886\" data-element_type=\"widget\" data-e-type=\"widget\" data-widget_type=\"heading.default\">\n\t\t\t\t\t<h3 class=\"elementor-heading-title elementor-size-default\">Kosmetik<\/h3>\t\t\t\t<\/div>\n\t\t\t\t<div class=\"elementor-element elementor-element-77d712a4 elementor-widget elementor-widget-heading\" data-id=\"77d712a4\" data-element_type=\"widget\" data-e-type=\"widget\" data-widget_type=\"heading.default\">\n\t\t\t\t\t<h2 class=\"elementor-heading-title elementor-size-default\">HOME    <b>> Kosmetik<\/b><\/h2>\t\t\t\t<\/div>\n\t\t\t\t\t<\/div>\n\t\t<\/div>\n\t\t\t\t<div class=\"elementor-column elementor-col-50 elementor-top-column elementor-element elementor-element-d885442 ebs-about-us-right-section\" data-id=\"d885442\" data-element_type=\"column\" data-e-type=\"column\">\n\t\t\t<div class=\"elementor-widget-wrap\">\n\t\t\t\t\t\t\t<\/div>\n\t\t<\/div>\n\t\t\t\t\t<\/div>\n\t\t<\/section>\n\t\t<div class=\"elementor-element elementor-element-ac9b98d e-flex e-con-boxed e-con e-parent\" data-id=\"ac9b98d\" data-element_type=\"container\" data-e-type=\"container\" data-settings=\"{&quot;_ha_eqh_enable&quot;:false}\">\n\t\t\t\t\t<div class=\"e-con-inner\">\n\t\t\t\t<div class=\"elementor-element elementor-element-b9f3ffe elementor-widget elementor-widget-heading\" data-id=\"b9f3ffe\" data-element_type=\"widget\" data-e-type=\"widget\" data-widget_type=\"heading.default\">\n\t\t\t\t\t<h2 class=\"elementor-heading-title elementor-size-default\">\"In unserem Kosmetikinstitut vereinen wir wissenschaftliche Hautpflege mit sp\u00fcrbarer Sch\u00f6nheit. Erleben Sie Behandlungen, die Ihre Haut erstrahlen lassen- frisch, gepflegt und nat\u00fcrlich sch\u00f6n.\"<\/h2>\t\t\t\t<\/div>\n\t\t\t\t\t<\/div>\n\t\t\t\t<\/div>\n\t\t<div class=\"elementor-element elementor-element-4e99f4d e-grid e-con-boxed e-con e-parent\" data-id=\"4e99f4d\" data-element_type=\"container\" data-e-type=\"container\" data-settings=\"{&quot;_ha_eqh_enable&quot;:false}\">\n\t\t\t\t\t<div class=\"e-con-inner\">\n\t\t\t\t<div class=\"elementor-element elementor-element-6a9c18c elementor-widget elementor-widget-text-editor\" data-id=\"6a9c18c\" data-element_type=\"widget\" data-e-type=\"widget\" data-widget_type=\"text-editor.default\">\n\t\t\t\t\t\t\t\t\t<h3 style=\"text-align: center;\" data-start=\"216\" data-end=\"474\"><a href=\"https:\/\/www.medskin21.at\/?page_id=799\">\u00a0<span style=\"color: #0074b3;\">Hautanalyse mit dem OBSERV\u00ae\u00a0<\/span><\/a><\/h3><p style=\"text-align: center;\" data-start=\"216\" data-end=\"474\">Modernste Technologie f\u00fcr tiefgehende Hautkenntnis: Innerhalb weniger Sekunden zeigt der OBSERV\u00ae den wahren Zustand Ihrer Haut \u2013 Schicht f\u00fcr Schicht. So erkennen wir fr\u00fchzeitig Bed\u00fcrfnisse und entwickeln Ihren ma\u00dfgeschneiderten Pflege- und Behandlungsplan.<\/p><p style=\"text-align: center;\" data-start=\"216\" data-end=\"474\"><a href=\"https:\/\/www.medskin21.at\/?page_id=799\">Mehr erfahren<\/a><\/p><p data-start=\"476\" data-end=\"497\">\u00a0<\/p>\t\t\t\t\t\t\t\t<\/div>\n\t\t\t\t<div class=\"elementor-element elementor-element-202a876 elementor-widget elementor-widget-text-editor\" data-id=\"202a876\" data-element_type=\"widget\" data-e-type=\"widget\" data-widget_type=\"text-editor.default\">\n\t\t\t\t\t\t\t\t\t<h3 style=\"text-align: center;\" data-section-id=\"hqxoi8\" data-start=\"191\" data-end=\"254\"><a href=\"https:\/\/www.medskin21.at\/?page_id=818\"><span style=\"color: #0074b3;\">First Touch \u2013 Ihre pers\u00f6nliche Hautreise beginnt hier<\/span><\/a><\/h3><p style=\"text-align: center;\" data-start=\"281\" data-end=\"546\">Unsere exklusive Erstbehandlung ist der ideale Start in Ihre individuelle Hautpflege. In entspannter Atmosph\u00e4re lernen wir Sie und Ihre Haut kennen, analysieren den Hautzustand mit modernster Technologie und stimmen die Behandlung optimal auf Ihre Bed\u00fcrfnisse ab.<\/p><p style=\"text-align: center;\" data-start=\"548\" data-end=\"621\"><a href=\"https:\/\/www.medskin21.at\/?page_id=818\">Mehr erfahren<\/a><\/p>\t\t\t\t\t\t\t\t<\/div>\n\t\t\t\t<div class=\"elementor-element elementor-element-a5d1b01 elementor-widget elementor-widget-text-editor\" data-id=\"a5d1b01\" data-element_type=\"widget\" data-e-type=\"widget\" data-widget_type=\"text-editor.default\">\n\t\t\t\t\t\t\t\t\t<h3 style=\"text-align: center;\" data-section-id=\"106xvr2\" data-start=\"141\" data-end=\"179\"><span style=\"color: #0074b3;\">Mikrodermabrasion <\/span><span style=\"color: #0074b3;\">(REVIDERM)<\/span><\/h3><p style=\"text-align: center;\" data-start=\"180\" data-end=\"367\">Feine Sandpartikel erneuern Ihre Haut sanft und pr\u00e4zise, entfernen abgestorbene Zellen und stimulieren die Hauterneuerung. F\u00fcr ein glattes, strahlendes und sichtbar verj\u00fcngtes Hautbild.<\/p><p style=\"text-align: center;\" data-start=\"180\" data-end=\"367\">Mehr erfahren<\/p>\t\t\t\t\t\t\t\t<\/div>\n\t\t\t\t<div class=\"elementor-element elementor-element-3a41316 elementor-widget elementor-widget-text-editor\" data-id=\"3a41316\" data-element_type=\"widget\" data-e-type=\"widget\" data-widget_type=\"text-editor.default\">\n\t\t\t\t\t\t\t\t\t<h3 style=\"text-align: center;\"><span style=\"color: #0074b3;\">Microneedling (SkinNeedler Reviderm)<\/span><\/h3><p style=\"text-align: center;\" data-start=\"149\" data-end=\"326\">Feine Mikrokan\u00e4le regen die Kollagenproduktion an und verbessern die Aufnahme von Wirkstoffen. F\u00fcr ein glattes, straffes und sichtbar verj\u00fcngtes Hautbild mit nat\u00fcrlichem Glow.<\/p><p style=\"text-align: center;\" data-start=\"149\" data-end=\"326\">Mehr erfahren<\/p>\t\t\t\t\t\t\t\t<\/div>\n\t\t\t\t<div class=\"elementor-element elementor-element-b681032 elementor-widget elementor-widget-text-editor\" data-id=\"b681032\" data-element_type=\"widget\" data-e-type=\"widget\" data-widget_type=\"text-editor.default\">\n\t\t\t\t\t\t\t\t\t<h3 style=\"text-align: center;\"><span style=\"color: #0074b3;\">Ultraschallbehandlung<\/span><\/h3><p style=\"text-align: center;\">Sanfte Ultraschallwellen stimulieren Ihre Haut von innen, regen die Durchblutung an und verbessern die Aufnahme von Wirkstoffen. F\u00fcr eine sichtbar strahlende, glatte und vitalisierte Haut.<\/p><p style=\"text-align: center;\">Mehr erfahren<\/p>\t\t\t\t\t\t\t\t<\/div>\n\t\t\t\t<div class=\"elementor-element elementor-element-8ee27f6 elementor-widget elementor-widget-text-editor\" data-id=\"8ee27f6\" data-element_type=\"widget\" data-e-type=\"widget\" data-widget_type=\"text-editor.default\">\n\t\t\t\t\t\t\t\t\t<h3 style=\"text-align: center;\"><span style=\"color: #0074b3;\">Chemisches Peeling<\/span><\/h3><p style=\"text-align: center;\">Sanfte Fruchts\u00e4uren erneuern die Haut sichtbar, verfeinern Poren und gl\u00e4tten feine Linien. F\u00fcr einen strahlenden, ebenm\u00e4\u00dfigen Teint und sp\u00fcrbar weiches Hautgef\u00fchl.<\/p><p style=\"text-align: center;\">Mehr erfahren<\/p>\t\t\t\t\t\t\t\t<\/div>\n\t\t\t\t\t<\/div>\n\t\t\t\t<\/div>\n\t\t<div class=\"elementor-element elementor-element-b8ed5f2 e-grid e-con-boxed e-con e-parent\" data-id=\"b8ed5f2\" data-element_type=\"container\" data-e-type=\"container\" data-settings=\"{&quot;_ha_eqh_enable&quot;:false}\">\n\t\t\t\t\t<div class=\"e-con-inner\">\n\t\t\t\t<div class=\"elementor-element elementor-element-168f8fa elementor-widget elementor-widget-text-editor\" data-id=\"168f8fa\" data-element_type=\"widget\" data-e-type=\"widget\" data-widget_type=\"text-editor.default\">\n\t\t\t\t\t\t\t\t\t<h3 style=\"text-align: center;\"><span style=\"color: #0074b3;\">Anti-Aging\u00a0<\/span><\/h3><p style=\"text-align: center;\">Mikrodermabrasion kombiniert mit Ultraschall stimuliert Zellerneuerung und Wirkstoffaufnahme \u2013 f\u00fcr eine glatte, straffe und sichtbar verj\u00fcngte Haut.<\/p><p style=\"text-align: center;\">Mehr erfahren<\/p>\t\t\t\t\t\t\t\t<\/div>\n\t\t\t\t<div class=\"elementor-element elementor-element-d4fb339 elementor-widget elementor-widget-text-editor\" data-id=\"d4fb339\" data-element_type=\"widget\" data-e-type=\"widget\" data-widget_type=\"text-editor.default\">\n\t\t\t\t\t\t\t\t\t<h3 style=\"text-align: center;\"><span style=\"color: #0074b3;\">Glow Refresh<\/span><\/h3><p style=\"text-align: center;\">Mikrodermabrasion trifft auf chemisches Peeling: intensive Hauterneuerung und Tiefenpflege f\u00fcr ein strahlendes, ebenm\u00e4\u00dfiges und frisch aussehendes Hautbild.<\/p><p style=\"text-align: center;\">Mehr erfahren<\/p>\t\t\t\t\t\t\t\t<\/div>\n\t\t\t\t<div class=\"elementor-element elementor-element-2ee9c52 elementor-widget elementor-widget-text-editor\" data-id=\"2ee9c52\" data-element_type=\"widget\" data-e-type=\"widget\" data-widget_type=\"text-editor.default\">\n\t\t\t\t\t\t\t\t\t<h3 style=\"text-align: center;\"><span style=\"color: #0074b3;\">Reviderm Detox Professional<\/span><\/h3><p style=\"text-align: center;\">Kl\u00e4rende Detox-Behandlung zur Regulierung der Haut und zur Befreiung von Unreinheiten.<br data-start=\"400\" data-end=\"403\" \/>Ideal bei unreiner, fettiger oder gestresster Haut.<\/p><p style=\"text-align: center;\">Mehr erfahren<\/p>\t\t\t\t\t\t\t\t<\/div>\n\t\t\t\t<div class=\"elementor-element elementor-element-3f8fd78 elementor-widget elementor-widget-text-editor\" data-id=\"3f8fd78\" data-element_type=\"widget\" data-e-type=\"widget\" data-widget_type=\"text-editor.default\">\n\t\t\t\t\t\t\t\t\t<h3 style=\"text-align: center;\"><span style=\"color: #0074b3;\">Reviderm Oxygen Behandlung<\/span><\/h3><p style=\"text-align: center;\">Aktivierende Sauerstoffbehandlung f\u00fcr neue Frische und jugendliche Ausstrahlung.<br data-start=\"1039\" data-end=\"1042\" \/>Perfekt bei m\u00fcder, fahler und lichtgesch\u00e4digter Haut.<\/p><p style=\"text-align: center;\">Mehr erfahren<\/p>\t\t\t\t\t\t\t\t<\/div>\n\t\t\t\t<div class=\"elementor-element elementor-element-c402692 elementor-widget elementor-widget-text-editor\" data-id=\"c402692\" data-element_type=\"widget\" data-e-type=\"widget\" data-widget_type=\"text-editor.default\">\n\t\t\t\t\t\t\t\t\t<h3 style=\"text-align: center;\" data-section-id=\"1ey5a8k\" data-start=\"149\" data-end=\"188\"><span style=\"color: #0074b3;\">Klassische Gesichtsbehandlung<\/span><\/h3><p style=\"text-align: center;\" data-start=\"189\" data-end=\"385\">Entspannung trifft auf effektive Pflege: Unsere klassische Gesichtsbehandlung reinigt, pflegt und verw\u00f6hnt Ihre Haut \u2013 f\u00fcr ein strahlendes, vitales Hautbild und ein rundum gepflegtes Hautgef\u00fchl.<\/p><p style=\"text-align: center;\" data-start=\"189\" data-end=\"385\">Mehr erfahren<\/p><p style=\"text-align: center;\" data-start=\"387\" data-end=\"410\">\u00a0<\/p>\t\t\t\t\t\t\t\t<\/div>\n\t\t\t\t<div class=\"elementor-element elementor-element-75e0fb5 elementor-widget elementor-widget-text-editor\" data-id=\"75e0fb5\" data-element_type=\"widget\" data-e-type=\"widget\" data-widget_type=\"text-editor.default\">\n\t\t\t\t\t\t\t\t\t<h3 style=\"text-align: center;\"><span style=\"color: #0074b3;\">Klassische Gesichtsbehandlung Deluxe<\/span><\/h3><p style=\"text-align: center;\">Intensive Pflege trifft auf pure Entspannung: Hochwertige Wirkstoffe und wohltuende Massage f\u00fcr Gesicht und H\u00e4nde sorgen f\u00fcr ein strahlendes, gepflegtes Hautbild.<\/p><p style=\"text-align: center;\">Mehr erfahren<\/p>\t\t\t\t\t\t\t\t<\/div>\n\t\t\t\t\t<\/div>\n\t\t\t\t<\/div>\n\t\t\t\t<\/div>\n\t\t","protected":false},"excerpt":{"rendered":"<p>Kosmetik HOME > Kosmetik \u201eIn unserem Kosmetikinstitut vereinen wir wissenschaftliche Hautpflege mit sp\u00fcrbarer Sch\u00f6nheit. Erleben Sie Behandlungen, die Ihre Haut erstrahlen lassen- frisch, gepflegt und nat\u00fcrlich sch\u00f6n.\u201c \u00a0Hautanalyse mit dem OBSERV\u00ae\u00a0 Modernste Technologie f\u00fcr tiefgehende Hautkenntnis: Innerhalb weniger Sekunden zeigt der OBSERV\u00ae den wahren Zustand Ihrer Haut \u2013 Schicht f\u00fcr Schicht. So erkennen wir fr\u00fchzeitig [&hellip;]<\/p>\n","protected":false},"author":1,"featured_media":0,"parent":0,"menu_order":0,"comment_status":"closed","ping_status":"closed","template":"","meta":{"_acf_changed":false,"_crdt_document":"","om_disable_all_campaigns":false,"_joinchat":[],"footnotes":""},"class_list":["post-90","page","type-page","status-publish","hentry"],"acf":[],"yoast_head":"<!-- This site is optimized with the Yoast SEO plugin v27.6 - https:\/\/yoast.com\/product\/yoast-seo-wordpress\/ -->\n<title>- medskin21<\/title>\n<meta name=\"robots\" content=\"index, follow, max-snippet:-1, max-image-preview:large, max-video-preview:-1\" \/>\n<link rel=\"canonical\" href=\"https:\/\/www.medskin21.at\/?page_id=90\" \/>\n<meta property=\"og:locale\" content=\"de_DE\" \/>\n<meta property=\"og:type\" content=\"article\" \/>\n<meta property=\"og:title\" content=\"- medskin21\" \/>\n<meta property=\"og:description\" content=\"Kosmetik HOME &gt; Kosmetik \u201eIn unserem Kosmetikinstitut vereinen wir wissenschaftliche Hautpflege mit sp\u00fcrbarer Sch\u00f6nheit. Erleben Sie Behandlungen, die Ihre Haut erstrahlen lassen- frisch, gepflegt und nat\u00fcrlich sch\u00f6n.\u201c \u00a0Hautanalyse mit dem OBSERV\u00ae\u00a0 Modernste Technologie f\u00fcr tiefgehende Hautkenntnis: Innerhalb weniger Sekunden zeigt der OBSERV\u00ae den wahren Zustand Ihrer Haut \u2013 Schicht f\u00fcr Schicht. So erkennen wir fr\u00fchzeitig [&hellip;]\" \/>\n<meta property=\"og:url\" content=\"https:\/\/www.medskin21.at\/?page_id=90\" \/>\n<meta property=\"og:site_name\" content=\"medskin21\" \/>\n<meta property=\"article:modified_time\" content=\"2026-03-20T13:01:15+00:00\" \/>\n<meta name=\"twitter:card\" content=\"summary_large_image\" \/>\n<meta name=\"twitter:label1\" content=\"Gesch\u00e4tzte Lesezeit\" \/>\n\t<meta name=\"twitter:data1\" content=\"2 Minuten\" \/>\n<script type=\"application\/ld+json\" class=\"yoast-schema-graph\">{\"@context\":\"https:\\\/\\\/schema.org\",\"@graph\":[{\"@type\":\"WebPage\",\"@id\":\"https:\\\/\\\/www.medskin21.at\\\/?page_id=90\",\"url\":\"https:\\\/\\\/www.medskin21.at\\\/?page_id=90\",\"name\":\"- medskin21\",\"isPartOf\":{\"@id\":\"https:\\\/\\\/www.medskin21.at\\\/#website\"},\"datePublished\":\"2026-01-20T10:18:31+00:00\",\"dateModified\":\"2026-03-20T13:01:15+00:00\",\"inLanguage\":\"de-AT\",\"potentialAction\":[{\"@type\":\"ReadAction\",\"target\":[\"https:\\\/\\\/www.medskin21.at\\\/?page_id=90\"]}]},{\"@type\":\"WebSite\",\"@id\":\"https:\\\/\\\/www.medskin21.at\\\/#website\",\"url\":\"https:\\\/\\\/www.medskin21.at\\\/\",\"name\":\"medskin21\",\"description\":\"\",\"publisher\":{\"@id\":\"https:\\\/\\\/www.medskin21.at\\\/#organization\"},\"potentialAction\":[{\"@type\":\"SearchAction\",\"target\":{\"@type\":\"EntryPoint\",\"urlTemplate\":\"https:\\\/\\\/www.medskin21.at\\\/?s={search_term_string}\"},\"query-input\":{\"@type\":\"PropertyValueSpecification\",\"valueRequired\":true,\"valueName\":\"search_term_string\"}}],\"inLanguage\":\"de-AT\"},{\"@type\":\"Organization\",\"@id\":\"https:\\\/\\\/www.medskin21.at\\\/#organization\",\"name\":\"medskin21\",\"url\":\"https:\\\/\\\/www.medskin21.at\\\/\",\"logo\":{\"@type\":\"ImageObject\",\"inLanguage\":\"de-AT\",\"@id\":\"https:\\\/\\\/www.medskin21.at\\\/#\\\/schema\\\/logo\\\/image\\\/\",\"url\":\"https:\\\/\\\/www.medskin21.at\\\/wp-content\\\/uploads\\\/2026\\\/01\\\/cropped-MedSkin21_Logo_Namen_RGB.jpg\",\"contentUrl\":\"https:\\\/\\\/www.medskin21.at\\\/wp-content\\\/uploads\\\/2026\\\/01\\\/cropped-MedSkin21_Logo_Namen_RGB.jpg\",\"width\":240,\"height\":107,\"caption\":\"medskin21\"},\"image\":{\"@id\":\"https:\\\/\\\/www.medskin21.at\\\/#\\\/schema\\\/logo\\\/image\\\/\"}}]}<\/script>\n<!-- \/ Yoast SEO plugin. -->","yoast_head_json":{"title":"- medskin21","robots":{"index":"index","follow":"follow","max-snippet":"max-snippet:-1","max-image-preview":"max-image-preview:large","max-video-preview":"max-video-preview:-1"},"canonical":"https:\/\/www.medskin21.at\/?page_id=90","og_locale":"de_DE","og_type":"article","og_title":"- medskin21","og_description":"Kosmetik HOME > Kosmetik \u201eIn unserem Kosmetikinstitut vereinen wir wissenschaftliche Hautpflege mit sp\u00fcrbarer Sch\u00f6nheit. Erleben Sie Behandlungen, die Ihre Haut erstrahlen lassen- frisch, gepflegt und nat\u00fcrlich sch\u00f6n.\u201c \u00a0Hautanalyse mit dem OBSERV\u00ae\u00a0 Modernste Technologie f\u00fcr tiefgehende Hautkenntnis: Innerhalb weniger Sekunden zeigt der OBSERV\u00ae den wahren Zustand Ihrer Haut \u2013 Schicht f\u00fcr Schicht. So erkennen wir fr\u00fchzeitig [&hellip;]","og_url":"https:\/\/www.medskin21.at\/?page_id=90","og_site_name":"medskin21","article_modified_time":"2026-03-20T13:01:15+00:00","twitter_card":"summary_large_image","twitter_misc":{"Gesch\u00e4tzte Lesezeit":"2 Minuten"},"schema":{"@context":"https:\/\/schema.org","@graph":[{"@type":"WebPage","@id":"https:\/\/www.medskin21.at\/?page_id=90","url":"https:\/\/www.medskin21.at\/?page_id=90","name":"- medskin21","isPartOf":{"@id":"https:\/\/www.medskin21.at\/#website"},"datePublished":"2026-01-20T10:18:31+00:00","dateModified":"2026-03-20T13:01:15+00:00","inLanguage":"de-AT","potentialAction":[{"@type":"ReadAction","target":["https:\/\/www.medskin21.at\/?page_id=90"]}]},{"@type":"WebSite","@id":"https:\/\/www.medskin21.at\/#website","url":"https:\/\/www.medskin21.at\/","name":"medskin21","description":"","publisher":{"@id":"https:\/\/www.medskin21.at\/#organization"},"potentialAction":[{"@type":"SearchAction","target":{"@type":"EntryPoint","urlTemplate":"https:\/\/www.medskin21.at\/?s={search_term_string}"},"query-input":{"@type":"PropertyValueSpecification","valueRequired":true,"valueName":"search_term_string"}}],"inLanguage":"de-AT"},{"@type":"Organization","@id":"https:\/\/www.medskin21.at\/#organization","name":"medskin21","url":"https:\/\/www.medskin21.at\/","logo":{"@type":"ImageObject","inLanguage":"de-AT","@id":"https:\/\/www.medskin21.at\/#\/schema\/logo\/image\/","url":"https:\/\/www.medskin21.at\/wp-content\/uploads\/2026\/01\/cropped-MedSkin21_Logo_Namen_RGB.jpg","contentUrl":"https:\/\/www.medskin21.at\/wp-content\/uploads\/2026\/01\/cropped-MedSkin21_Logo_Namen_RGB.jpg","width":240,"height":107,"caption":"medskin21"},"image":{"@id":"https:\/\/www.medskin21.at\/#\/schema\/logo\/image\/"}}]}},"_links":{"self":[{"href":"https:\/\/www.medskin21.at\/index.php?rest_route=\/wp\/v2\/pages\/90","targetHints":{"allow":["GET"]}}],"collection":[{"href":"https:\/\/www.medskin21.at\/index.php?rest_route=\/wp\/v2\/pages"}],"about":[{"href":"https:\/\/www.medskin21.at\/index.php?rest_route=\/wp\/v2\/types\/page"}],"author":[{"embeddable":true,"href":"https:\/\/www.medskin21.at\/index.php?rest_route=\/wp\/v2\/users\/1"}],"replies":[{"embeddable":true,"href":"https:\/\/www.medskin21.at\/index.php?rest_route=%2Fwp%2Fv2%2Fcomments&post=90"}],"version-history":[{"count":44,"href":"https:\/\/www.medskin21.at\/index.php?rest_route=\/wp\/v2\/pages\/90\/revisions"}],"predecessor-version":[{"id":865,"href":"https:\/\/www.medskin21.at\/index.php?rest_route=\/wp\/v2\/pages\/90\/revisions\/865"}],"wp:attachment":[{"href":"https:\/\/www.medskin21.at\/index.php?rest_route=%2Fwp%2Fv2%2Fmedia&parent=90"}],"curies":[{"name":"wp","href":"https:\/\/api.w.org\/{rel}","templated":true}]}}