{"id":829,"date":"2026-02-22T11:14:48","date_gmt":"2026-02-22T10:14:48","guid":{"rendered":"https:\/\/www.medskin21.at\/?page_id=829"},"modified":"2026-03-20T14:00:48","modified_gmt":"2026-03-20T13:00:48","slug":"829-2","status":"publish","type":"page","link":"https:\/\/www.medskin21.at\/?page_id=829","title":{"rendered":""},"content":{"rendered":"\t\t<div data-elementor-type=\"wp-page\" data-elementor-id=\"829\" class=\"elementor elementor-829\" data-elementor-settings=\"{&quot;ha_cmc_init_switcher&quot;:&quot;no&quot;}\" data-elementor-post-type=\"page\">\n\t\t\t\t<div class=\"elementor-element elementor-element-58a209d e-flex e-con-boxed e-con e-parent\" data-id=\"58a209d\" data-element_type=\"container\" data-e-type=\"container\" data-settings=\"{&quot;_ha_eqh_enable&quot;:false}\">\n\t\t\t\t\t<div class=\"e-con-inner\">\n\t\t\t\t<div class=\"elementor-element elementor-element-791de93 elementor-widget elementor-widget-heading\" data-id=\"791de93\" data-element_type=\"widget\" data-e-type=\"widget\" data-widget_type=\"heading.default\">\n\t\t\t\t\t<h2 class=\"elementor-heading-title elementor-size-default\">\u2728 \u00c4sthetik f\u00fcr Ihr nat\u00fcrliches Strahlen<\/h2>\t\t\t\t<\/div>\n\t\t\t\t\t<\/div>\n\t\t\t\t<\/div>\n\t\t<div class=\"elementor-element elementor-element-33a686c e-flex e-con-boxed e-con e-parent\" data-id=\"33a686c\" data-element_type=\"container\" data-e-type=\"container\" data-settings=\"{&quot;_ha_eqh_enable&quot;:false}\">\n\t\t\t\t\t<div class=\"e-con-inner\">\n\t\t\t\t<div class=\"elementor-element elementor-element-9771945 elementor-widget elementor-widget-text-editor\" data-id=\"9771945\" data-element_type=\"widget\" data-e-type=\"widget\" data-widget_type=\"text-editor.default\">\n\t\t\t\t\t\t\t\t\t<div class=\"elementor-element elementor-element-9333f44 e-con-full e-flex e-con e-child\" data-id=\"9333f44\" data-element_type=\"container\" data-e-type=\"container\" data-settings=\"{&quot;_ha_eqh_enable&quot;:false}\"><div class=\"elementor-element elementor-element-d664b21 elementor-widget elementor-widget-text-editor\" data-id=\"d664b21\" data-element_type=\"widget\" data-e-type=\"widget\" data-widget_type=\"text-editor.default\"><p style=\"text-align: center;\">F\u00fcr Botox-, Filler- und Hydrobooster-Behandlungen empfehlen wir ein pers\u00f6nliches Beratungsgespr\u00e4ch, in dem wir Ihre individuellen W\u00fcnsche und Bed\u00fcrfnisse besprechen und gemeinsam die passende Behandlung sowie die Kosten festlegen.<\/p><p style=\"text-align: center;\"><span style=\"color: #0074b3;\"><strong>Termine auch gerne \u00fcber Whatsapp 0670 199 04 33<\/strong><\/span><\/p><\/div><\/div>\t\t\t\t\t\t\t\t<\/div>\n\t\t\t\t\t<\/div>\n\t\t\t\t<\/div>\n\t\t<div class=\"elementor-element elementor-element-e2dbb75 e-grid e-con-boxed e-con e-parent\" data-id=\"e2dbb75\" data-element_type=\"container\" data-e-type=\"container\" data-settings=\"{&quot;_ha_eqh_enable&quot;:false}\">\n\t\t\t\t\t<div class=\"e-con-inner\">\n\t\t\t\t<div class=\"elementor-element elementor-element-d793220 elementor-position-top elementor-widget elementor-widget-image-box\" data-id=\"d793220\" data-element_type=\"widget\" data-e-type=\"widget\" data-widget_type=\"image-box.default\">\n\t\t\t\t\t<div class=\"elementor-image-box-wrapper\"><figure class=\"elementor-image-box-img\"><img decoding=\"async\" src=\"https:\/\/www.medskin21.at\/wp-content\/plugins\/elementor\/assets\/images\/placeholder.png\" title=\"\" alt=\"\" loading=\"lazy\" \/><\/figure><div class=\"elementor-image-box-content\"><h3 class=\"elementor-image-box-title\">This is the heading<\/h3><p class=\"elementor-image-box-description\">Lorem ipsum dolor sit amet, consectetur adipiscing elit. Ut elit tellus, luctus nec ullamcorper mattis, pulvinar dapibus leo.<\/p><\/div><\/div>\t\t\t\t<\/div>\n\t\t\t\t\t<\/div>\n\t\t\t\t<\/div>\n\t\t\t\t<\/div>\n\t\t","protected":false},"excerpt":{"rendered":"<p>\u2728 \u00c4sthetik f\u00fcr Ihr nat\u00fcrliches Strahlen F\u00fcr Botox-, Filler- und Hydrobooster-Behandlungen empfehlen wir ein pers\u00f6nliches Beratungsgespr\u00e4ch, in dem wir Ihre individuellen W\u00fcnsche und Bed\u00fcrfnisse besprechen und gemeinsam die passende Behandlung sowie die Kosten festlegen. Termine auch gerne \u00fcber Whatsapp 0670 199 04 33 This is the heading Lorem ipsum dolor sit amet, consectetur adipiscing elit. [&hellip;]<\/p>\n","protected":false},"author":2,"featured_media":0,"parent":0,"menu_order":0,"comment_status":"closed","ping_status":"closed","template":"","meta":{"_acf_changed":false,"_crdt_document":"","om_disable_all_campaigns":false,"_joinchat":[],"footnotes":""},"class_list":["post-829","page","type-page","status-publish","hentry"],"acf":[],"yoast_head":"<!-- This site is optimized with the Yoast SEO plugin v27.4 - https:\/\/yoast.com\/product\/yoast-seo-wordpress\/ -->\n<title>- medskin21<\/title>\n<meta name=\"robots\" content=\"index, follow, max-snippet:-1, max-image-preview:large, max-video-preview:-1\" \/>\n<link rel=\"canonical\" href=\"https:\/\/www.medskin21.at\/?page_id=829\" \/>\n<meta property=\"og:locale\" content=\"de_DE\" \/>\n<meta property=\"og:type\" content=\"article\" \/>\n<meta property=\"og:title\" content=\"- medskin21\" \/>\n<meta property=\"og:description\" content=\"\u2728 \u00c4sthetik f\u00fcr Ihr nat\u00fcrliches Strahlen F\u00fcr Botox-, Filler- und Hydrobooster-Behandlungen empfehlen wir ein pers\u00f6nliches Beratungsgespr\u00e4ch, in dem wir Ihre individuellen W\u00fcnsche und Bed\u00fcrfnisse besprechen und gemeinsam die passende Behandlung sowie die Kosten festlegen. Termine auch gerne \u00fcber Whatsapp 0670 199 04 33 This is the heading Lorem ipsum dolor sit amet, consectetur adipiscing elit. [&hellip;]\" \/>\n<meta property=\"og:url\" content=\"https:\/\/www.medskin21.at\/?page_id=829\" \/>\n<meta property=\"og:site_name\" content=\"medskin21\" \/>\n<meta property=\"article:modified_time\" content=\"2026-03-20T13:00:48+00:00\" \/>\n<meta property=\"og:image\" content=\"https:\/\/www.medskin21.at\/wp-content\/plugins\/elementor\/assets\/images\/placeholder.png\" \/>\n<meta name=\"twitter:card\" content=\"summary_large_image\" \/>\n<meta name=\"twitter:label1\" content=\"Gesch\u00e4tzte Lesezeit\" \/>\n\t<meta name=\"twitter:data1\" content=\"1 Minute\" \/>\n<script type=\"application\/ld+json\" class=\"yoast-schema-graph\">{\"@context\":\"https:\\\/\\\/schema.org\",\"@graph\":[{\"@type\":\"WebPage\",\"@id\":\"https:\\\/\\\/www.medskin21.at\\\/?page_id=829\",\"url\":\"https:\\\/\\\/www.medskin21.at\\\/?page_id=829\",\"name\":\"- medskin21\",\"isPartOf\":{\"@id\":\"https:\\\/\\\/www.medskin21.at\\\/#website\"},\"primaryImageOfPage\":{\"@id\":\"https:\\\/\\\/www.medskin21.at\\\/?page_id=829#primaryimage\"},\"image\":{\"@id\":\"https:\\\/\\\/www.medskin21.at\\\/?page_id=829#primaryimage\"},\"thumbnailUrl\":\"https:\\\/\\\/www.medskin21.at\\\/wp-content\\\/plugins\\\/elementor\\\/assets\\\/images\\\/placeholder.png\",\"datePublished\":\"2026-02-22T10:14:48+00:00\",\"dateModified\":\"2026-03-20T13:00:48+00:00\",\"inLanguage\":\"de-AT\",\"potentialAction\":[{\"@type\":\"ReadAction\",\"target\":[\"https:\\\/\\\/www.medskin21.at\\\/?page_id=829\"]}]},{\"@type\":\"ImageObject\",\"inLanguage\":\"de-AT\",\"@id\":\"https:\\\/\\\/www.medskin21.at\\\/?page_id=829#primaryimage\",\"url\":\"https:\\\/\\\/www.medskin21.at\\\/wp-content\\\/plugins\\\/elementor\\\/assets\\\/images\\\/placeholder.png\",\"contentUrl\":\"https:\\\/\\\/www.medskin21.at\\\/wp-content\\\/plugins\\\/elementor\\\/assets\\\/images\\\/placeholder.png\"},{\"@type\":\"WebSite\",\"@id\":\"https:\\\/\\\/www.medskin21.at\\\/#website\",\"url\":\"https:\\\/\\\/www.medskin21.at\\\/\",\"name\":\"medskin21\",\"description\":\"\",\"publisher\":{\"@id\":\"https:\\\/\\\/www.medskin21.at\\\/#organization\"},\"potentialAction\":[{\"@type\":\"SearchAction\",\"target\":{\"@type\":\"EntryPoint\",\"urlTemplate\":\"https:\\\/\\\/www.medskin21.at\\\/?s={search_term_string}\"},\"query-input\":{\"@type\":\"PropertyValueSpecification\",\"valueRequired\":true,\"valueName\":\"search_term_string\"}}],\"inLanguage\":\"de-AT\"},{\"@type\":\"Organization\",\"@id\":\"https:\\\/\\\/www.medskin21.at\\\/#organization\",\"name\":\"medskin21\",\"url\":\"https:\\\/\\\/www.medskin21.at\\\/\",\"logo\":{\"@type\":\"ImageObject\",\"inLanguage\":\"de-AT\",\"@id\":\"https:\\\/\\\/www.medskin21.at\\\/#\\\/schema\\\/logo\\\/image\\\/\",\"url\":\"https:\\\/\\\/www.medskin21.at\\\/wp-content\\\/uploads\\\/2026\\\/01\\\/cropped-MedSkin21_Logo_Namen_RGB.jpg\",\"contentUrl\":\"https:\\\/\\\/www.medskin21.at\\\/wp-content\\\/uploads\\\/2026\\\/01\\\/cropped-MedSkin21_Logo_Namen_RGB.jpg\",\"width\":240,\"height\":107,\"caption\":\"medskin21\"},\"image\":{\"@id\":\"https:\\\/\\\/www.medskin21.at\\\/#\\\/schema\\\/logo\\\/image\\\/\"}}]}<\/script>\n<!-- \/ Yoast SEO plugin. -->","yoast_head_json":{"title":"- medskin21","robots":{"index":"index","follow":"follow","max-snippet":"max-snippet:-1","max-image-preview":"max-image-preview:large","max-video-preview":"max-video-preview:-1"},"canonical":"https:\/\/www.medskin21.at\/?page_id=829","og_locale":"de_DE","og_type":"article","og_title":"- medskin21","og_description":"\u2728 \u00c4sthetik f\u00fcr Ihr nat\u00fcrliches Strahlen F\u00fcr Botox-, Filler- und Hydrobooster-Behandlungen empfehlen wir ein pers\u00f6nliches Beratungsgespr\u00e4ch, in dem wir Ihre individuellen W\u00fcnsche und Bed\u00fcrfnisse besprechen und gemeinsam die passende Behandlung sowie die Kosten festlegen. Termine auch gerne \u00fcber Whatsapp 0670 199 04 33 This is the heading Lorem ipsum dolor sit amet, consectetur adipiscing elit. [&hellip;]","og_url":"https:\/\/www.medskin21.at\/?page_id=829","og_site_name":"medskin21","article_modified_time":"2026-03-20T13:00:48+00:00","og_image":[{"url":"https:\/\/www.medskin21.at\/wp-content\/plugins\/elementor\/assets\/images\/placeholder.png","type":"","width":"","height":""}],"twitter_card":"summary_large_image","twitter_misc":{"Gesch\u00e4tzte Lesezeit":"1 Minute"},"schema":{"@context":"https:\/\/schema.org","@graph":[{"@type":"WebPage","@id":"https:\/\/www.medskin21.at\/?page_id=829","url":"https:\/\/www.medskin21.at\/?page_id=829","name":"- medskin21","isPartOf":{"@id":"https:\/\/www.medskin21.at\/#website"},"primaryImageOfPage":{"@id":"https:\/\/www.medskin21.at\/?page_id=829#primaryimage"},"image":{"@id":"https:\/\/www.medskin21.at\/?page_id=829#primaryimage"},"thumbnailUrl":"https:\/\/www.medskin21.at\/wp-content\/plugins\/elementor\/assets\/images\/placeholder.png","datePublished":"2026-02-22T10:14:48+00:00","dateModified":"2026-03-20T13:00:48+00:00","inLanguage":"de-AT","potentialAction":[{"@type":"ReadAction","target":["https:\/\/www.medskin21.at\/?page_id=829"]}]},{"@type":"ImageObject","inLanguage":"de-AT","@id":"https:\/\/www.medskin21.at\/?page_id=829#primaryimage","url":"https:\/\/www.medskin21.at\/wp-content\/plugins\/elementor\/assets\/images\/placeholder.png","contentUrl":"https:\/\/www.medskin21.at\/wp-content\/plugins\/elementor\/assets\/images\/placeholder.png"},{"@type":"WebSite","@id":"https:\/\/www.medskin21.at\/#website","url":"https:\/\/www.medskin21.at\/","name":"medskin21","description":"","publisher":{"@id":"https:\/\/www.medskin21.at\/#organization"},"potentialAction":[{"@type":"SearchAction","target":{"@type":"EntryPoint","urlTemplate":"https:\/\/www.medskin21.at\/?s={search_term_string}"},"query-input":{"@type":"PropertyValueSpecification","valueRequired":true,"valueName":"search_term_string"}}],"inLanguage":"de-AT"},{"@type":"Organization","@id":"https:\/\/www.medskin21.at\/#organization","name":"medskin21","url":"https:\/\/www.medskin21.at\/","logo":{"@type":"ImageObject","inLanguage":"de-AT","@id":"https:\/\/www.medskin21.at\/#\/schema\/logo\/image\/","url":"https:\/\/www.medskin21.at\/wp-content\/uploads\/2026\/01\/cropped-MedSkin21_Logo_Namen_RGB.jpg","contentUrl":"https:\/\/www.medskin21.at\/wp-content\/uploads\/2026\/01\/cropped-MedSkin21_Logo_Namen_RGB.jpg","width":240,"height":107,"caption":"medskin21"},"image":{"@id":"https:\/\/www.medskin21.at\/#\/schema\/logo\/image\/"}}]}},"_links":{"self":[{"href":"https:\/\/www.medskin21.at\/index.php?rest_route=\/wp\/v2\/pages\/829","targetHints":{"allow":["GET"]}}],"collection":[{"href":"https:\/\/www.medskin21.at\/index.php?rest_route=\/wp\/v2\/pages"}],"about":[{"href":"https:\/\/www.medskin21.at\/index.php?rest_route=\/wp\/v2\/types\/page"}],"author":[{"embeddable":true,"href":"https:\/\/www.medskin21.at\/index.php?rest_route=\/wp\/v2\/users\/2"}],"replies":[{"embeddable":true,"href":"https:\/\/www.medskin21.at\/index.php?rest_route=%2Fwp%2Fv2%2Fcomments&post=829"}],"version-history":[{"count":9,"href":"https:\/\/www.medskin21.at\/index.php?rest_route=\/wp\/v2\/pages\/829\/revisions"}],"predecessor-version":[{"id":864,"href":"https:\/\/www.medskin21.at\/index.php?rest_route=\/wp\/v2\/pages\/829\/revisions\/864"}],"wp:attachment":[{"href":"https:\/\/www.medskin21.at\/index.php?rest_route=%2Fwp%2Fv2%2Fmedia&parent=829"}],"curies":[{"name":"wp","href":"https:\/\/api.w.org\/{rel}","templated":true}]}}