{"id":799,"date":"2026-02-22T07:35:41","date_gmt":"2026-02-22T06:35:41","guid":{"rendered":"https:\/\/www.medskin21.at\/?page_id=799"},"modified":"2026-03-20T13:57:35","modified_gmt":"2026-03-20T12:57:35","slug":"hautanalyse","status":"publish","type":"page","link":"https:\/\/www.medskin21.at\/?page_id=799","title":{"rendered":"Hautanalyse"},"content":{"rendered":"\t\t<div data-elementor-type=\"wp-page\" data-elementor-id=\"799\" class=\"elementor elementor-799\" data-elementor-settings=\"{&quot;ha_cmc_init_switcher&quot;:&quot;no&quot;}\" data-elementor-post-type=\"page\">\n\t\t\t\t<div class=\"elementor-element elementor-element-a9dd131 e-flex e-con-boxed e-con e-parent\" data-id=\"a9dd131\" data-element_type=\"container\" data-e-type=\"container\" data-settings=\"{&quot;_ha_eqh_enable&quot;:false}\">\n\t\t\t\t\t<div class=\"e-con-inner\">\n\t\t<div class=\"elementor-element elementor-element-76315a7 e-con-full e-flex e-con e-child\" data-id=\"76315a7\" data-element_type=\"container\" data-e-type=\"container\" data-settings=\"{&quot;_ha_eqh_enable&quot;:false}\">\n\t\t\t\t<div class=\"elementor-element elementor-element-79b055c elementor-widget elementor-widget-text-editor\" data-id=\"79b055c\" data-element_type=\"widget\" data-e-type=\"widget\" data-widget_type=\"text-editor.default\">\n\t\t\t\t\t\t\t\t\t<p style=\"text-align: center;\" data-start=\"96\" data-end=\"142\"><span style=\"color: #0074b3;\"><strong data-start=\"96\" data-end=\"142\">Moderne Hautanalyse mit dem Observ System<\/strong><\/span><\/p><p style=\"text-align: center;\" data-start=\"144\" data-end=\"404\">Unsere innovative Hautanalyse mit dem Observe Ger\u00e4t erm\u00f6glicht innerhalb weniger Sekunden einen tiefen Einblick in Ihre Haut. Mithilfe modernster Lichttechnologie werden mehrere hochaufl\u00f6sende Aufnahmen erstellt, die verschiedene Hautschichten sichtbar machen.<\/p><p style=\"text-align: center;\" data-start=\"406\" data-end=\"642\">So erkennen wir pr\u00e4zise, wo Ihre Haut Unterst\u00fctzung ben\u00f6tigt \u2013 ob Feuchtigkeitsmangel, verstopfte Poren, Unreinheiten oder empfindliche Bereiche. Auch tieferliegende oder entz\u00fcndliche Hautprobleme k\u00f6nnen fr\u00fchzeitig identifiziert werden.<\/p><p style=\"text-align: center;\" data-start=\"644\" data-end=\"855\">Auf Basis dieser detaillierten Analyse erhalten Sie eine individuelle Beratung mit gezielten Pflegeempfehlungen und ma\u00dfgeschneiderten Behandlungsm\u00f6glichkeiten \u2013 perfekt abgestimmt auf die Bed\u00fcrfnisse Ihrer Haut.<\/p><p style=\"text-align: center;\" data-start=\"857\" data-end=\"1017\">Die visuelle Dokumentation erm\u00f6glicht es zudem, Fortschritte sichtbar zu machen und Behandlungserfolge durch Vorher-Nachher-Vergleiche optimal nachzuvollziehen.<\/p><p style=\"text-align: center;\" data-start=\"1019\" data-end=\"1093\"><span style=\"color: #0074b3;\"><strong data-start=\"1019\" data-end=\"1093\">F\u00fcr gesunde, strahlende Haut \u2013 auf dem neuesten Stand der Technologie.<\/strong><\/span><\/p>\t\t\t\t\t\t\t\t<\/div>\n\t\t\t\t<\/div>\n\t\t\t\t\t<\/div>\n\t\t\t\t<\/div>\n\t\t<div class=\"elementor-element elementor-element-7ac731a e-flex e-con-boxed e-con e-parent\" data-id=\"7ac731a\" data-element_type=\"container\" data-e-type=\"container\" data-settings=\"{&quot;_ha_eqh_enable&quot;:false}\">\n\t\t\t\t\t<div class=\"e-con-inner\">\n\t\t\t\t<div class=\"elementor-element elementor-element-ebc535d elementor-widget elementor-widget-video\" data-id=\"ebc535d\" data-element_type=\"widget\" data-e-type=\"widget\" data-settings=\"{&quot;video_type&quot;:&quot;hosted&quot;,&quot;controls&quot;:&quot;yes&quot;}\" data-widget_type=\"video.default\">\n\t\t\t\t\t\t\t<div class=\"e-hosted-video elementor-wrapper elementor-open-inline\">\n\t\t\t\t\t<video class=\"elementor-video\" src=\"https:\/\/www.medskin21.at\/wp-content\/uploads\/2026\/02\/REV-Observ-Cut-FB-11.mp4\" controls=\"\" preload=\"metadata\" controlsList=\"nodownload\"><\/video>\n\t\t\t\t<\/div>\n\t\t\t\t\t\t<\/div>\n\t\t\t\t\t<\/div>\n\t\t\t\t<\/div>\n\t\t<div class=\"elementor-element elementor-element-65d0a97 e-flex e-con-boxed e-con e-parent\" data-id=\"65d0a97\" data-element_type=\"container\" data-e-type=\"container\" data-settings=\"{&quot;_ha_eqh_enable&quot;:false}\">\n\t\t\t\t\t<div class=\"e-con-inner\">\n\t\t\t\t<div class=\"elementor-element elementor-element-37fd26d elementor-arrows-position-inside elementor-pagination-position-outside elementor-widget elementor-widget-image-carousel\" data-id=\"37fd26d\" data-element_type=\"widget\" data-e-type=\"widget\" data-settings=\"{&quot;navigation&quot;:&quot;both&quot;,&quot;autoplay&quot;:&quot;yes&quot;,&quot;pause_on_hover&quot;:&quot;yes&quot;,&quot;pause_on_interaction&quot;:&quot;yes&quot;,&quot;autoplay_speed&quot;:5000,&quot;infinite&quot;:&quot;yes&quot;,&quot;speed&quot;:500}\" data-widget_type=\"image-carousel.default\">\n\t\t\t\t\t\t\t<div class=\"elementor-image-carousel-wrapper swiper\" role=\"region\" aria-roledescription=\"carousel\" aria-label=\"Image Carousel\" dir=\"ltr\">\n\t\t\t<div class=\"elementor-image-carousel swiper-wrapper\" aria-live=\"off\">\n\t\t\t\t\t\t\t\t<div class=\"swiper-slide\" role=\"group\" aria-roledescription=\"slide\" aria-label=\"1 of 5\"><figure class=\"swiper-slide-inner\"><img decoding=\"async\" class=\"swiper-slide-image\" src=\"https:\/\/www.medskin21.at\/wp-content\/uploads\/2026\/01\/Observ-Patientin-230x300.jpg\" alt=\"Observ Patientin\" \/><\/figure><\/div><div class=\"swiper-slide\" role=\"group\" aria-roledescription=\"slide\" aria-label=\"2 of 5\"><figure class=\"swiper-slide-inner\"><img decoding=\"async\" class=\"swiper-slide-image\" src=\"https:\/\/www.medskin21.at\/wp-content\/uploads\/2026\/01\/18366-1-225x300.jpg\" alt=\"18366\" \/><\/figure><\/div><div class=\"swiper-slide\" role=\"group\" aria-roledescription=\"slide\" aria-label=\"3 of 5\"><figure class=\"swiper-slide-inner\"><img decoding=\"async\" class=\"swiper-slide-image\" src=\"https:\/\/www.medskin21.at\/wp-content\/uploads\/2026\/01\/18405-1-225x300.jpg\" alt=\"18405\" \/><\/figure><\/div><div class=\"swiper-slide\" role=\"group\" aria-roledescription=\"slide\" aria-label=\"4 of 5\"><figure class=\"swiper-slide-inner\"><img decoding=\"async\" class=\"swiper-slide-image\" src=\"https:\/\/www.medskin21.at\/wp-content\/uploads\/2026\/01\/18369-2-225x300.jpg\" alt=\"18369\" \/><\/figure><\/div><div class=\"swiper-slide\" role=\"group\" aria-roledescription=\"slide\" aria-label=\"5 of 5\"><figure class=\"swiper-slide-inner\"><img decoding=\"async\" class=\"swiper-slide-image\" src=\"https:\/\/www.medskin21.at\/wp-content\/uploads\/2026\/01\/18363-1-225x300.jpg\" alt=\"18363\" \/><\/figure><\/div>\t\t\t<\/div>\n\t\t\t\t\t\t\t\t\t\t\t\t<div class=\"elementor-swiper-button elementor-swiper-button-prev\" role=\"button\" tabindex=\"0\">\n\t\t\t\t\t\t<svg aria-hidden=\"true\" class=\"e-font-icon-svg e-eicon-chevron-left\" viewBox=\"0 0 1000 1000\" xmlns=\"http:\/\/www.w3.org\/2000\/svg\"><path d=\"M646 125C629 125 613 133 604 142L308 442C296 454 292 471 292 487 292 504 296 521 308 533L604 854C617 867 629 875 646 875 663 875 679 871 692 858 704 846 713 829 713 812 713 796 708 779 692 767L438 487 692 225C700 217 708 204 708 187 708 171 704 154 692 142 675 129 663 125 646 125Z\"><\/path><\/svg>\t\t\t\t\t<\/div>\n\t\t\t\t\t<div class=\"elementor-swiper-button elementor-swiper-button-next\" role=\"button\" tabindex=\"0\">\n\t\t\t\t\t\t<svg aria-hidden=\"true\" class=\"e-font-icon-svg e-eicon-chevron-right\" viewBox=\"0 0 1000 1000\" xmlns=\"http:\/\/www.w3.org\/2000\/svg\"><path d=\"M696 533C708 521 713 504 713 487 713 471 708 454 696 446L400 146C388 133 375 125 354 125 338 125 325 129 313 142 300 154 292 171 292 187 292 204 296 221 308 233L563 492 304 771C292 783 288 800 288 817 288 833 296 850 308 863 321 871 338 875 354 875 371 875 388 867 400 854L696 533Z\"><\/path><\/svg>\t\t\t\t\t<\/div>\n\t\t\t\t\n\t\t\t\t\t\t\t\t\t<div class=\"swiper-pagination\"><\/div>\n\t\t\t\t\t\t\t\t\t<\/div>\n\t\t\t\t\t\t<\/div>\n\t\t\t\t\t<\/div>\n\t\t\t\t<\/div>\n\t\t\t\t<\/div>\n\t\t","protected":false},"excerpt":{"rendered":"<p>Moderne Hautanalyse mit dem Observ System Unsere innovative Hautanalyse mit dem Observe Ger\u00e4t erm\u00f6glicht innerhalb weniger Sekunden einen tiefen Einblick in Ihre Haut. Mithilfe modernster Lichttechnologie werden mehrere hochaufl\u00f6sende Aufnahmen erstellt, die verschiedene Hautschichten sichtbar machen. So erkennen wir pr\u00e4zise, wo Ihre Haut Unterst\u00fctzung ben\u00f6tigt \u2013 ob Feuchtigkeitsmangel, verstopfte Poren, Unreinheiten oder empfindliche Bereiche. Auch [&hellip;]<\/p>\n","protected":false},"author":2,"featured_media":0,"parent":0,"menu_order":0,"comment_status":"closed","ping_status":"closed","template":"","meta":{"_acf_changed":false,"_crdt_document":"","om_disable_all_campaigns":false,"_joinchat":[],"footnotes":""},"class_list":["post-799","page","type-page","status-publish","hentry"],"acf":[],"yoast_head":"<!-- This site is optimized with the Yoast SEO plugin v27.4 - https:\/\/yoast.com\/product\/yoast-seo-wordpress\/ -->\n<title>Hautanalyse - medskin21<\/title>\n<meta name=\"robots\" content=\"index, follow, max-snippet:-1, max-image-preview:large, max-video-preview:-1\" \/>\n<link rel=\"canonical\" href=\"https:\/\/www.medskin21.at\/?page_id=799\" \/>\n<meta property=\"og:locale\" content=\"de_DE\" \/>\n<meta property=\"og:type\" content=\"article\" \/>\n<meta property=\"og:title\" content=\"Hautanalyse - medskin21\" \/>\n<meta property=\"og:description\" content=\"Moderne Hautanalyse mit dem Observ System Unsere innovative Hautanalyse mit dem Observe Ger\u00e4t erm\u00f6glicht innerhalb weniger Sekunden einen tiefen Einblick in Ihre Haut. Mithilfe modernster Lichttechnologie werden mehrere hochaufl\u00f6sende Aufnahmen erstellt, die verschiedene Hautschichten sichtbar machen. So erkennen wir pr\u00e4zise, wo Ihre Haut Unterst\u00fctzung ben\u00f6tigt \u2013 ob Feuchtigkeitsmangel, verstopfte Poren, Unreinheiten oder empfindliche Bereiche. Auch [&hellip;]\" \/>\n<meta property=\"og:url\" content=\"https:\/\/www.medskin21.at\/?page_id=799\" \/>\n<meta property=\"og:site_name\" content=\"medskin21\" \/>\n<meta property=\"article:modified_time\" content=\"2026-03-20T12:57:35+00:00\" \/>\n<meta property=\"og:image\" content=\"https:\/\/www.medskin21.at\/wp-content\/uploads\/2026\/01\/Observ-Patientin-230x300.jpg\" \/>\n<meta name=\"twitter:card\" content=\"summary_large_image\" \/>\n<meta name=\"twitter:label1\" content=\"Gesch\u00e4tzte Lesezeit\" \/>\n\t<meta name=\"twitter:data1\" content=\"3 Minuten\" \/>\n<script type=\"application\/ld+json\" class=\"yoast-schema-graph\">{\"@context\":\"https:\\\/\\\/schema.org\",\"@graph\":[{\"@type\":\"WebPage\",\"@id\":\"https:\\\/\\\/www.medskin21.at\\\/?page_id=799\",\"url\":\"https:\\\/\\\/www.medskin21.at\\\/?page_id=799\",\"name\":\"Hautanalyse - medskin21\",\"isPartOf\":{\"@id\":\"https:\\\/\\\/www.medskin21.at\\\/#website\"},\"primaryImageOfPage\":{\"@id\":\"https:\\\/\\\/www.medskin21.at\\\/?page_id=799#primaryimage\"},\"image\":{\"@id\":\"https:\\\/\\\/www.medskin21.at\\\/?page_id=799#primaryimage\"},\"thumbnailUrl\":\"https:\\\/\\\/www.medskin21.at\\\/wp-content\\\/uploads\\\/2026\\\/01\\\/Observ-Patientin-230x300.jpg\",\"datePublished\":\"2026-02-22T06:35:41+00:00\",\"dateModified\":\"2026-03-20T12:57:35+00:00\",\"breadcrumb\":{\"@id\":\"https:\\\/\\\/www.medskin21.at\\\/?page_id=799#breadcrumb\"},\"inLanguage\":\"de-AT\",\"potentialAction\":[{\"@type\":\"ReadAction\",\"target\":[\"https:\\\/\\\/www.medskin21.at\\\/?page_id=799\"]}]},{\"@type\":\"ImageObject\",\"inLanguage\":\"de-AT\",\"@id\":\"https:\\\/\\\/www.medskin21.at\\\/?page_id=799#primaryimage\",\"url\":\"https:\\\/\\\/www.medskin21.at\\\/wp-content\\\/uploads\\\/2026\\\/01\\\/Observ-Patientin.jpg\",\"contentUrl\":\"https:\\\/\\\/www.medskin21.at\\\/wp-content\\\/uploads\\\/2026\\\/01\\\/Observ-Patientin.jpg\",\"width\":1080,\"height\":1409},{\"@type\":\"BreadcrumbList\",\"@id\":\"https:\\\/\\\/www.medskin21.at\\\/?page_id=799#breadcrumb\",\"itemListElement\":[{\"@type\":\"ListItem\",\"position\":1,\"name\":\"Startseite\",\"item\":\"https:\\\/\\\/www.medskin21.at\\\/\"},{\"@type\":\"ListItem\",\"position\":2,\"name\":\"Hautanalyse\"}]},{\"@type\":\"WebSite\",\"@id\":\"https:\\\/\\\/www.medskin21.at\\\/#website\",\"url\":\"https:\\\/\\\/www.medskin21.at\\\/\",\"name\":\"medskin21\",\"description\":\"\",\"publisher\":{\"@id\":\"https:\\\/\\\/www.medskin21.at\\\/#organization\"},\"potentialAction\":[{\"@type\":\"SearchAction\",\"target\":{\"@type\":\"EntryPoint\",\"urlTemplate\":\"https:\\\/\\\/www.medskin21.at\\\/?s={search_term_string}\"},\"query-input\":{\"@type\":\"PropertyValueSpecification\",\"valueRequired\":true,\"valueName\":\"search_term_string\"}}],\"inLanguage\":\"de-AT\"},{\"@type\":\"Organization\",\"@id\":\"https:\\\/\\\/www.medskin21.at\\\/#organization\",\"name\":\"medskin21\",\"url\":\"https:\\\/\\\/www.medskin21.at\\\/\",\"logo\":{\"@type\":\"ImageObject\",\"inLanguage\":\"de-AT\",\"@id\":\"https:\\\/\\\/www.medskin21.at\\\/#\\\/schema\\\/logo\\\/image\\\/\",\"url\":\"https:\\\/\\\/www.medskin21.at\\\/wp-content\\\/uploads\\\/2026\\\/01\\\/cropped-MedSkin21_Logo_Namen_RGB.jpg\",\"contentUrl\":\"https:\\\/\\\/www.medskin21.at\\\/wp-content\\\/uploads\\\/2026\\\/01\\\/cropped-MedSkin21_Logo_Namen_RGB.jpg\",\"width\":240,\"height\":107,\"caption\":\"medskin21\"},\"image\":{\"@id\":\"https:\\\/\\\/www.medskin21.at\\\/#\\\/schema\\\/logo\\\/image\\\/\"}}]}<\/script>\n<!-- \/ Yoast SEO plugin. -->","yoast_head_json":{"title":"Hautanalyse - medskin21","robots":{"index":"index","follow":"follow","max-snippet":"max-snippet:-1","max-image-preview":"max-image-preview:large","max-video-preview":"max-video-preview:-1"},"canonical":"https:\/\/www.medskin21.at\/?page_id=799","og_locale":"de_DE","og_type":"article","og_title":"Hautanalyse - medskin21","og_description":"Moderne Hautanalyse mit dem Observ System Unsere innovative Hautanalyse mit dem Observe Ger\u00e4t erm\u00f6glicht innerhalb weniger Sekunden einen tiefen Einblick in Ihre Haut. Mithilfe modernster Lichttechnologie werden mehrere hochaufl\u00f6sende Aufnahmen erstellt, die verschiedene Hautschichten sichtbar machen. So erkennen wir pr\u00e4zise, wo Ihre Haut Unterst\u00fctzung ben\u00f6tigt \u2013 ob Feuchtigkeitsmangel, verstopfte Poren, Unreinheiten oder empfindliche Bereiche. Auch [&hellip;]","og_url":"https:\/\/www.medskin21.at\/?page_id=799","og_site_name":"medskin21","article_modified_time":"2026-03-20T12:57:35+00:00","og_image":[{"url":"https:\/\/www.medskin21.at\/wp-content\/uploads\/2026\/01\/Observ-Patientin-230x300.jpg","type":"","width":"","height":""}],"twitter_card":"summary_large_image","twitter_misc":{"Gesch\u00e4tzte Lesezeit":"3 Minuten"},"schema":{"@context":"https:\/\/schema.org","@graph":[{"@type":"WebPage","@id":"https:\/\/www.medskin21.at\/?page_id=799","url":"https:\/\/www.medskin21.at\/?page_id=799","name":"Hautanalyse - medskin21","isPartOf":{"@id":"https:\/\/www.medskin21.at\/#website"},"primaryImageOfPage":{"@id":"https:\/\/www.medskin21.at\/?page_id=799#primaryimage"},"image":{"@id":"https:\/\/www.medskin21.at\/?page_id=799#primaryimage"},"thumbnailUrl":"https:\/\/www.medskin21.at\/wp-content\/uploads\/2026\/01\/Observ-Patientin-230x300.jpg","datePublished":"2026-02-22T06:35:41+00:00","dateModified":"2026-03-20T12:57:35+00:00","breadcrumb":{"@id":"https:\/\/www.medskin21.at\/?page_id=799#breadcrumb"},"inLanguage":"de-AT","potentialAction":[{"@type":"ReadAction","target":["https:\/\/www.medskin21.at\/?page_id=799"]}]},{"@type":"ImageObject","inLanguage":"de-AT","@id":"https:\/\/www.medskin21.at\/?page_id=799#primaryimage","url":"https:\/\/www.medskin21.at\/wp-content\/uploads\/2026\/01\/Observ-Patientin.jpg","contentUrl":"https:\/\/www.medskin21.at\/wp-content\/uploads\/2026\/01\/Observ-Patientin.jpg","width":1080,"height":1409},{"@type":"BreadcrumbList","@id":"https:\/\/www.medskin21.at\/?page_id=799#breadcrumb","itemListElement":[{"@type":"ListItem","position":1,"name":"Startseite","item":"https:\/\/www.medskin21.at\/"},{"@type":"ListItem","position":2,"name":"Hautanalyse"}]},{"@type":"WebSite","@id":"https:\/\/www.medskin21.at\/#website","url":"https:\/\/www.medskin21.at\/","name":"medskin21","description":"","publisher":{"@id":"https:\/\/www.medskin21.at\/#organization"},"potentialAction":[{"@type":"SearchAction","target":{"@type":"EntryPoint","urlTemplate":"https:\/\/www.medskin21.at\/?s={search_term_string}"},"query-input":{"@type":"PropertyValueSpecification","valueRequired":true,"valueName":"search_term_string"}}],"inLanguage":"de-AT"},{"@type":"Organization","@id":"https:\/\/www.medskin21.at\/#organization","name":"medskin21","url":"https:\/\/www.medskin21.at\/","logo":{"@type":"ImageObject","inLanguage":"de-AT","@id":"https:\/\/www.medskin21.at\/#\/schema\/logo\/image\/","url":"https:\/\/www.medskin21.at\/wp-content\/uploads\/2026\/01\/cropped-MedSkin21_Logo_Namen_RGB.jpg","contentUrl":"https:\/\/www.medskin21.at\/wp-content\/uploads\/2026\/01\/cropped-MedSkin21_Logo_Namen_RGB.jpg","width":240,"height":107,"caption":"medskin21"},"image":{"@id":"https:\/\/www.medskin21.at\/#\/schema\/logo\/image\/"}}]}},"_links":{"self":[{"href":"https:\/\/www.medskin21.at\/index.php?rest_route=\/wp\/v2\/pages\/799","targetHints":{"allow":["GET"]}}],"collection":[{"href":"https:\/\/www.medskin21.at\/index.php?rest_route=\/wp\/v2\/pages"}],"about":[{"href":"https:\/\/www.medskin21.at\/index.php?rest_route=\/wp\/v2\/types\/page"}],"author":[{"embeddable":true,"href":"https:\/\/www.medskin21.at\/index.php?rest_route=\/wp\/v2\/users\/2"}],"replies":[{"embeddable":true,"href":"https:\/\/www.medskin21.at\/index.php?rest_route=%2Fwp%2Fv2%2Fcomments&post=799"}],"version-history":[{"count":11,"href":"https:\/\/www.medskin21.at\/index.php?rest_route=\/wp\/v2\/pages\/799\/revisions"}],"predecessor-version":[{"id":863,"href":"https:\/\/www.medskin21.at\/index.php?rest_route=\/wp\/v2\/pages\/799\/revisions\/863"}],"wp:attachment":[{"href":"https:\/\/www.medskin21.at\/index.php?rest_route=%2Fwp%2Fv2%2Fmedia&parent=799"}],"curies":[{"name":"wp","href":"https:\/\/api.w.org\/{rel}","templated":true}]}}